{"id":13207,"date":"2024-09-23T09:16:03","date_gmt":"2024-09-23T09:16:03","guid":{"rendered":"https:\/\/www.rigafishing.com\/%d0%b7%d0%b0%d0%b1%d1%80%d0%be%d0%bd%d0%b8%d1%80%d1%83%d0%b9%d1%82%d0%b5-%d0%b4%d0%b0%d1%82%d1%83\/"},"modified":"2025-03-18T18:43:26","modified_gmt":"2025-03-18T18:43:26","slug":"%d0%b7%d0%b0%d0%b1%d1%80%d0%be%d0%bd%d0%b8%d1%80%d1%83%d0%b9%d1%82%d0%b5-%d0%b4%d0%b0%d1%82%d1%83","status":"publish","type":"page","link":"https:\/\/www.rigafishing.com\/ru\/%d0%b7%d0%b0%d0%b1%d1%80%d0%be%d0%bd%d0%b8%d1%80%d1%83%d0%b9%d1%82%d0%b5-%d0%b4%d0%b0%d1%82%d1%83\/","title":{"rendered":"\u0417\u0430\u0431\u0440\u043e\u043d\u0438\u0440\u0443\u0439\u0442\u0435 \u0434\u0430\u0442\u0443"},"content":{"rendered":"\n<h2 class=\"wp-block-heading\">\u0417\u0430\u0431\u0440\u043e\u043d\u0438\u0440\u0443\u0439\u0442\u0435 \u0434\u0430\u0442\u0443 \u2013 \u043b\u0443\u0447\u0448\u0438\u0439 \u0434\u0435\u043d\u044c \u0434\u043b\u044f \u0440\u044b\u0431\u0430\u043b\u043a\u0438<\/h2>\n\n<p>\u041d\u0430 \u0440\u044b\u0431\u0430\u043b\u043a\u0443 \u0432\u043b\u0438\u044f\u044e\u0442 \u043f\u043e\u0433\u043e\u0434\u043d\u044b\u0435 \u0443\u0441\u043b\u043e\u0432\u0438\u044f, \u0438 \u043b\u0443\u0447\u0448\u0438\u0439 \u0434\u0435\u043d\u044c \u0434\u043b\u044f \u0440\u044b\u0431\u0430\u043b\u043a\u0438 \u043c\u043e\u0436\u0435\u0442 \u0432\u0430\u0440\u044c\u0438\u0440\u043e\u0432\u0430\u0442\u044c\u0441\u044f \u0432 \u0437\u0430\u0432\u0438\u0441\u0438\u043c\u043e\u0441\u0442\u0438 \u043e\u0442 \u0432\u044b\u0431\u0440\u0430\u043d\u043d\u043e\u0439 \u0443\u0441\u043b\u0443\u0433\u0438 \u0438 \u0446\u0435\u043b\u0435\u0432\u043e\u0439 \u0440\u044b\u0431\u044b. \u041f\u043e\u0436\u0430\u043b\u0443\u0439\u0441\u0442\u0430, \u0443\u043a\u0430\u0436\u0438\u0442\u0435 \u0432 \u043a\u043e\u043d\u0442\u0430\u043a\u0442\u043d\u043e\u0439 \u0444\u043e\u0440\u043c\u0435, \u043a\u0430\u043a\u0443\u044e \u0443\u0441\u043b\u0443\u0433\u0443 \u0412\u044b \u0432\u044b\u0431\u0438\u0440\u0430\u0435\u0442\u0435, \u043a\u0430\u043a\u0443\u044e \u0446\u0435\u043b\u0435\u0432\u0443\u044e \u0440\u044b\u0431\u0443 \u0438 \u043a\u043e\u043d\u043a\u0440\u0435\u0442\u043d\u0443\u044e \u0434\u0430\u0442\u0443 \u0438\u043b\u0438 \u043d\u0435\u0434\u0435\u043b\u044e, \u043d\u0430 \u043a\u043e\u0442\u043e\u0440\u0443\u044e \u0412\u044b \u0445\u043e\u0442\u0435\u043b\u0438 \u0431\u044b \u043f\u043e\u0440\u044b\u0431\u0430\u0447\u0438\u0442\u044c \u0441 \u043d\u0430\u043c\u0438. \u041c\u044b \u0441\u0432\u044f\u0436\u0435\u043c\u0441\u044f \u0441 \u0412\u0430\u043c\u0438 \u0438 \u0434\u043e\u0433\u043e\u0432\u043e\u0440\u0438\u043c\u0441\u044f \u043e \u043d\u0430\u0438\u043b\u0443\u0447\u0448\u0435\u0439 \u0434\u0430\u0442\u0435, \u043a\u043e\u0442\u043e\u0440\u0430\u044f \u0443\u0441\u0442\u0440\u043e\u0438\u0442 \u0412\u0430\u0441, \u043d\u0430\u0441, \u0441\u0435\u0440\u0432\u0438\u0441 \u0438 \u0446\u0435\u043b\u0435\u0432\u0443\u044e \u0440\u044b\u0431\u0443.  <\/p>\n\n<p><\/p>\n<style id=\"wpforms-css-vars-root\">\n\t\t\t\t:root {\n\t\t\t\t\t--wpforms-field-border-radius: 3px;\n--wpforms-field-border-style: solid;\n--wpforms-field-border-size: 1px;\n--wpforms-field-background-color: #ffffff;\n--wpforms-field-border-color: rgba( 0, 0, 0, 0.25 );\n--wpforms-field-border-color-spare: rgba( 0, 0, 0, 0.25 );\n--wpforms-field-text-color: rgba( 0, 0, 0, 0.7 );\n--wpforms-field-menu-color: #ffffff;\n--wpforms-label-color: rgba( 0, 0, 0, 0.85 );\n--wpforms-label-sublabel-color: rgba( 0, 0, 0, 0.55 );\n--wpforms-label-error-color: #d63637;\n--wpforms-button-border-radius: 3px;\n--wpforms-button-border-style: none;\n--wpforms-button-border-size: 1px;\n--wpforms-button-background-color: #066aab;\n--wpforms-button-border-color: #066aab;\n--wpforms-button-text-color: #ffffff;\n--wpforms-page-break-color: #066aab;\n--wpforms-background-image: none;\n--wpforms-background-position: center center;\n--wpforms-background-repeat: no-repeat;\n--wpforms-background-size: cover;\n--wpforms-background-width: 100px;\n--wpforms-background-height: 100px;\n--wpforms-background-color: rgba( 0, 0, 0, 0 );\n--wpforms-background-url: none;\n--wpforms-container-padding: 0px;\n--wpforms-container-border-style: none;\n--wpforms-container-border-width: 1px;\n--wpforms-container-border-color: #000000;\n--wpforms-container-border-radius: 3px;\n--wpforms-field-size-input-height: 43px;\n--wpforms-field-size-input-spacing: 15px;\n--wpforms-field-size-font-size: 16px;\n--wpforms-field-size-line-height: 19px;\n--wpforms-field-size-padding-h: 14px;\n--wpforms-field-size-checkbox-size: 16px;\n--wpforms-field-size-sublabel-spacing: 5px;\n--wpforms-field-size-icon-size: 1;\n--wpforms-label-size-font-size: 16px;\n--wpforms-label-size-line-height: 19px;\n--wpforms-label-size-sublabel-font-size: 14px;\n--wpforms-label-size-sublabel-line-height: 17px;\n--wpforms-button-size-font-size: 17px;\n--wpforms-button-size-height: 41px;\n--wpforms-button-size-padding-h: 15px;\n--wpforms-button-size-margin-top: 10px;\n--wpforms-container-shadow-size-box-shadow: none;\n\n\t\t\t\t}\n\t\t\t<\/style><div class=\"wpforms-container wpforms-container-full wpforms-block wpforms-block-cca9a67c-24c7-499c-a43c-d8b7b5166711 wpforms-render-modern\" id=\"wpforms-12611\"><form id=\"wpforms-form-12611\" class=\"wpforms-validate wpforms-form wpforms-ajax-form\" data-formid=\"12611\" method=\"post\" enctype=\"multipart\/form-data\" action=\"\/ru\/wp-json\/wp\/v2\/pages\/13207\" data-token=\"dc904fb133a4b37fc4400b0e64cec4bf\" data-token-time=\"1778066209\"><noscript class=\"wpforms-error-noscript\">\u0414\u043b\u044f \u0437\u0430\u043f\u043e\u043b\u043d\u0435\u043d\u0438\u044f \u0434\u0430\u043d\u043d\u043e\u0439 \u0444\u043e\u0440\u043c\u044b \u0432\u043a\u043b\u044e\u0447\u0438\u0442\u0435 JavaScript \u0432 \u0431\u0440\u0430\u0443\u0437\u0435\u0440\u0435.<\/noscript><div class=\"wpforms-hidden\" id=\"wpforms-error-noscript\">\u0414\u043b\u044f \u0437\u0430\u043f\u043e\u043b\u043d\u0435\u043d\u0438\u044f \u0434\u0430\u043d\u043d\u043e\u0439 \u0444\u043e\u0440\u043c\u044b \u0432\u043a\u043b\u044e\u0447\u0438\u0442\u0435 JavaScript \u0432 \u0431\u0440\u0430\u0443\u0437\u0435\u0440\u0435.<\/div><div class=\"wpforms-field-container\"><div id=\"wpforms-12611-field_1-container\" class=\"wpforms-field wpforms-field-name\" data-field-id=\"1\"><label class=\"wpforms-field-label\" for=\"wpforms-12611-field_1\">V\u0101rds Uzv\u0101rds (Name Surname\/\u0418\u043c\u044f \u0424\u0430\u043c\u0438\u043b\u0438\u044f\/Nachname) <span class=\"wpforms-required-label\" aria-hidden=\"true\">*<\/span><\/label><input type=\"text\" id=\"wpforms-12611-field_1\" class=\"wpforms-field-medium wpforms-field-required\" name=\"wpforms[fields][1]\" aria-errormessage=\"wpforms-12611-field_1-error\" required><\/div><div id=\"wpforms-12611-field_5-container\" class=\"wpforms-field wpforms-field-number\" data-field-id=\"5\"><label class=\"wpforms-field-label\" for=\"wpforms-12611-field_5\">Telefona numurs (Phone number\/\u041d\u043e\u043c\u0435\u0440 \u0442\u0435\u043b\u0435\u0444\u043e\u043d\u0430\/Telefonnummer) <span class=\"wpforms-required-label\" aria-hidden=\"true\">*<\/span><\/label><input type=\"number\" id=\"wpforms-12611-field_5\" class=\"wpforms-field-medium wpforms-field-required\" name=\"wpforms[fields][5]\" aria-errormessage=\"wpforms-12611-field_5-error\" required><\/div><div id=\"wpforms-12611-field_2-container\" class=\"wpforms-field wpforms-field-email\" data-field-id=\"2\"><label class=\"wpforms-field-label\" for=\"wpforms-12611-field_2\">E-pasts (E-mail\/\u042d\u043b\u0435\u043a\u0442\u0440\u043e\u043d\u043d\u0430\u044f \u043f\u043e\u0447\u0442\u0430) <span class=\"wpforms-required-label\" aria-hidden=\"true\">*<\/span><\/label><input type=\"email\" id=\"wpforms-12611-field_2\" class=\"wpforms-field-medium wpforms-field-required\" name=\"wpforms[fields][2]\" spellcheck=\"false\" aria-errormessage=\"wpforms-12611-field_2-error\" required><\/div><div id=\"wpforms-12611-field_3-container\" class=\"wpforms-field wpforms-field-textarea\" data-field-id=\"3\"><label class=\"wpforms-field-label\" for=\"wpforms-12611-field_3\">Koment\u0101ri vai \u012bpa\u0161as pras\u012bbas? (Comments or special requests\/\u041a\u043e\u043c\u043c\u0435\u043d\u0442\u0430\u0440\u0438\u0438 \u0438\u043b\u0438 \u043e\u0441\u043e\u0431\u044b\u0435 \u0442\u0440\u0435\u0431\u043e\u0432\u0430\u043d\u0438\u044f?\/Kommentieren Sie, dass dies der Fall ist?)<\/label><textarea id=\"wpforms-12611-field_3\" class=\"wpforms-field-medium\" name=\"wpforms[fields][3]\" aria-errormessage=\"wpforms-12611-field_3-error\" ><\/textarea><\/div><div id=\"wpforms-12611-field_4-container\" class=\"wpforms-field wpforms-field-text\" data-field-id=\"4\"><label class=\"wpforms-field-label\" for=\"wpforms-12611-field_4\">Datums, vai ned\u0113\u013ca kur\u0101 ir v\u0113lme doties mak\u0161\u0137er\u0113t (Date, or week when you want to go fishing\/\u0414\u0430\u0442\u0430 \u0438\u043b\u0438 \u043d\u0435\u0434\u0435\u043b\u044f, \u043a\u043e\u0433\u0434\u0430 \u0432\u044b \u0445\u043e\u0442\u0438\u0442\u0435 \u043f\u043e\u0439\u0442\u0438 \u043d\u0430 \u0440\u044b\u0431\u0430\u043b\u043a\u0443\/Es m\u00fcssen Datumsangaben vorgenommen und die Daten nicht gel\u00f6scht werden) <span class=\"wpforms-required-label\" aria-hidden=\"true\">*<\/span><\/label><input type=\"text\" id=\"wpforms-12611-field_4\" class=\"wpforms-field-medium wpforms-field-required\" name=\"wpforms[fields][4]\" aria-errormessage=\"wpforms-12611-field_4-error\" required><\/div><\/div><!-- .wpforms-field-container --><div class=\"wpforms-submit-container\" ><input type=\"hidden\" name=\"wpforms[id]\" value=\"12611\"><input type=\"hidden\" name=\"page_title\" value=\"\"><input type=\"hidden\" name=\"page_url\" value=\"https:\/\/www.rigafishing.com\/ru\/wp-json\/wp\/v2\/pages\/13207\"><button type=\"submit\" name=\"wpforms[submit]\" id=\"wpforms-submit-12611\" class=\"wpforms-submit\" data-alt-text=\"Sending...\" data-submit-text=\"Submit\" aria-live=\"assertive\" value=\"wpforms-submit\">Submit<\/button><img decoding=\"async\" src=\"https:\/\/www.rigafishing.com\/wp-content\/plugins\/wpforms-lite\/assets\/images\/submit-spin.svg\" class=\"wpforms-submit-spinner\" style=\"display: none;\" width=\"26\" height=\"26\" alt=\"\u0417\u0430\u0433\u0440\u0443\u0437\u043a\u0430\"><\/div><\/form><\/div>  <!-- .wpforms-container -->\n<p><\/p>\n","protected":false},"excerpt":{"rendered":"<p>\u0417\u0430\u0431\u0440\u043e\u043d\u0438\u0440\u0443\u0439\u0442\u0435 \u0434\u0430\u0442\u0443 \u2013 \u043b\u0443\u0447\u0448\u0438\u0439 \u0434\u0435\u043d\u044c \u0434\u043b\u044f \u0440\u044b\u0431\u0430\u043b\u043a\u0438 \u041d\u0430 \u0440\u044b\u0431\u0430\u043b\u043a\u0443 \u0432\u043b\u0438\u044f\u044e\u0442 \u043f\u043e\u0433\u043e\u0434\u043d\u044b\u0435 \u0443\u0441\u043b\u043e\u0432\u0438\u044f, \u0438 \u043b\u0443\u0447\u0448\u0438\u0439 \u0434\u0435\u043d\u044c \u0434\u043b\u044f \u0440\u044b\u0431\u0430\u043b\u043a\u0438 \u043c\u043e\u0436\u0435\u0442 \u0432\u0430\u0440\u044c\u0438\u0440\u043e\u0432\u0430\u0442\u044c\u0441\u044f \u0432 \u0437\u0430\u0432\u0438\u0441\u0438\u043c\u043e\u0441\u0442\u0438 \u043e\u0442 \u0432\u044b\u0431\u0440\u0430\u043d\u043d\u043e\u0439 \u0443\u0441\u043b\u0443\u0433\u0438 \u0438 \u0446\u0435\u043b\u0435\u0432\u043e\u0439 \u0440\u044b\u0431\u044b. \u041f\u043e\u0436\u0430\u043b\u0443\u0439\u0441\u0442\u0430, \u0443\u043a\u0430\u0436\u0438\u0442\u0435 \u0432 \u043a\u043e\u043d\u0442\u0430\u043a\u0442\u043d\u043e\u0439 \u0444\u043e\u0440\u043c\u0435, \u043a\u0430\u043a\u0443\u044e \u0443\u0441\u043b\u0443\u0433\u0443 \u0412\u044b \u0432\u044b\u0431\u0438\u0440\u0430\u0435\u0442\u0435, \u043a\u0430\u043a\u0443\u044e \u0446\u0435\u043b\u0435\u0432\u0443\u044e \u0440\u044b\u0431\u0443 \u0438 \u043a\u043e\u043d\u043a\u0440\u0435\u0442\u043d\u0443\u044e \u0434\u0430\u0442\u0443 \u0438\u043b\u0438 \u043d\u0435\u0434\u0435\u043b\u044e, \u043d\u0430 \u043a\u043e\u0442\u043e\u0440\u0443\u044e \u0412\u044b \u0445\u043e\u0442\u0435\u043b\u0438 \u0431\u044b \u043f\u043e\u0440\u044b\u0431\u0430\u0447\u0438\u0442\u044c \u0441 \u043d\u0430\u043c\u0438. \u041c\u044b \u0441\u0432\u044f\u0436\u0435\u043c\u0441\u044f \u0441 [&hellip;]<\/p>\n","protected":false},"author":1,"featured_media":0,"parent":0,"menu_order":0,"comment_status":"closed","ping_status":"closed","template":"","meta":{"_uag_custom_page_level_css":"","_monsterinsights_skip_tracking":false,"_monsterinsights_sitenote_active":false,"_monsterinsights_sitenote_note":"","_monsterinsights_sitenote_category":0,"footnotes":""},"class_list":["post-13207","page","type-page","status-publish","hentry"],"aioseo_notices":[],"uagb_featured_image_src":{"full":false,"thumbnail":false,"medium":false,"medium_large":false,"large":false,"1536x1536":false,"2048x2048":false,"razzi-blog-grid":false},"uagb_author_info":{"display_name":"rigafishing_gx0lph","author_link":"https:\/\/www.rigafishing.com\/ru\/author\/rigafishing_gx0lph\/"},"uagb_comment_info":0,"uagb_excerpt":"\u0417\u0430\u0431\u0440\u043e\u043d\u0438\u0440\u0443\u0439\u0442\u0435 \u0434\u0430\u0442\u0443 \u2013 \u043b\u0443\u0447\u0448\u0438\u0439 \u0434\u0435\u043d\u044c \u0434\u043b\u044f \u0440\u044b\u0431\u0430\u043b\u043a\u0438 \u041d\u0430 \u0440\u044b\u0431\u0430\u043b\u043a\u0443 \u0432\u043b\u0438\u044f\u044e\u0442 \u043f\u043e\u0433\u043e\u0434\u043d\u044b\u0435 \u0443\u0441\u043b\u043e\u0432\u0438\u044f, \u0438 \u043b\u0443\u0447\u0448\u0438\u0439 \u0434\u0435\u043d\u044c \u0434\u043b\u044f \u0440\u044b\u0431\u0430\u043b\u043a\u0438 \u043c\u043e\u0436\u0435\u0442 \u0432\u0430\u0440\u044c\u0438\u0440\u043e\u0432\u0430\u0442\u044c\u0441\u044f \u0432 \u0437\u0430\u0432\u0438\u0441\u0438\u043c\u043e\u0441\u0442\u0438 \u043e\u0442 \u0432\u044b\u0431\u0440\u0430\u043d\u043d\u043e\u0439 \u0443\u0441\u043b\u0443\u0433\u0438 \u0438 \u0446\u0435\u043b\u0435\u0432\u043e\u0439 \u0440\u044b\u0431\u044b. \u041f\u043e\u0436\u0430\u043b\u0443\u0439\u0441\u0442\u0430, \u0443\u043a\u0430\u0436\u0438\u0442\u0435 \u0432 \u043a\u043e\u043d\u0442\u0430\u043a\u0442\u043d\u043e\u0439 \u0444\u043e\u0440\u043c\u0435, \u043a\u0430\u043a\u0443\u044e \u0443\u0441\u043b\u0443\u0433\u0443 \u0412\u044b \u0432\u044b\u0431\u0438\u0440\u0430\u0435\u0442\u0435, \u043a\u0430\u043a\u0443\u044e \u0446\u0435\u043b\u0435\u0432\u0443\u044e \u0440\u044b\u0431\u0443 \u0438 \u043a\u043e\u043d\u043a\u0440\u0435\u0442\u043d\u0443\u044e \u0434\u0430\u0442\u0443 \u0438\u043b\u0438 \u043d\u0435\u0434\u0435\u043b\u044e, \u043d\u0430 \u043a\u043e\u0442\u043e\u0440\u0443\u044e \u0412\u044b \u0445\u043e\u0442\u0435\u043b\u0438 \u0431\u044b \u043f\u043e\u0440\u044b\u0431\u0430\u0447\u0438\u0442\u044c \u0441 \u043d\u0430\u043c\u0438. \u041c\u044b \u0441\u0432\u044f\u0436\u0435\u043c\u0441\u044f \u0441&hellip;","_links":{"self":[{"href":"https:\/\/www.rigafishing.com\/ru\/wp-json\/wp\/v2\/pages\/13207","targetHints":{"allow":["GET"]}}],"collection":[{"href":"https:\/\/www.rigafishing.com\/ru\/wp-json\/wp\/v2\/pages"}],"about":[{"href":"https:\/\/www.rigafishing.com\/ru\/wp-json\/wp\/v2\/types\/page"}],"author":[{"embeddable":true,"href":"https:\/\/www.rigafishing.com\/ru\/wp-json\/wp\/v2\/users\/1"}],"replies":[{"embeddable":true,"href":"https:\/\/www.rigafishing.com\/ru\/wp-json\/wp\/v2\/comments?post=13207"}],"version-history":[{"count":3,"href":"https:\/\/www.rigafishing.com\/ru\/wp-json\/wp\/v2\/pages\/13207\/revisions"}],"predecessor-version":[{"id":13420,"href":"https:\/\/www.rigafishing.com\/ru\/wp-json\/wp\/v2\/pages\/13207\/revisions\/13420"}],"wp:attachment":[{"href":"https:\/\/www.rigafishing.com\/ru\/wp-json\/wp\/v2\/media?parent=13207"}],"curies":[{"name":"wp","href":"https:\/\/api.w.org\/{rel}","templated":true}]}}