{"id":13664,"date":"2024-09-23T08:48:10","date_gmt":"2024-09-23T08:48:10","guid":{"rendered":"https:\/\/www.rigafishing.com\/angeln-in-lettland-mit-einem-guide-unterwegs\/"},"modified":"2026-04-07T16:28:13","modified_gmt":"2026-04-07T16:28:13","slug":"angeln-in-lettland-mit-einem-guide-unterwegs","status":"publish","type":"page","link":"https:\/\/www.rigafishing.com\/de\/","title":{"rendered":"Angeln in Lettland \u2013 Mit einem Guide unterwegs"},"content":{"rendered":"\n<p><\/p>\n\n<div class=\"wp-block-uagb-container uagb-block-3ad6c4ae alignfull uagb-is-root-container\"><div class=\"uagb-container-inner-blocks-wrap\">\n<div class=\"wp-block-uagb-container uagb-block-fcf315d0\">\n<div class=\"wp-block-uagb-image uagb-block-50503b06 wp-block-uagb-image--layout-default wp-block-uagb-image--effect-static wp-block-uagb-image--align-none\"><figure class=\"wp-block-uagb-image__figure\"><img loading=\"lazy\" decoding=\"async\" srcset=\"https:\/\/www.rigafishing.com\/wp-content\/uploads\/2026\/02\/Uzvara-Latvijas-Cempionata-683x1024.jpg ,https:\/\/www.rigafishing.com\/wp-content\/uploads\/2026\/02\/Uzvara-Latvijas-Cempionata.jpg 780w, https:\/\/www.rigafishing.com\/wp-content\/uploads\/2026\/02\/Uzvara-Latvijas-Cempionata.jpg 360w\" sizes=\"auto, (max-width: 480px) 150px\" src=\"https:\/\/www.rigafishing.com\/wp-content\/uploads\/2026\/02\/Uzvara-Latvijas-Cempionata-683x1024.jpg\" alt=\"Zanderangeln\" class=\"uag-image-13548\" width=\"640\" height=\"960\" title=\"Sieg bei der lettischen Meisterschaft\" loading=\"lazy\" role=\"img\"><\/figure><\/div>\n\n\n\n<div class=\"wp-block-uagb-image uagb-block-02e2e4ee wp-block-uagb-image--layout-default wp-block-uagb-image--effect-static wp-block-uagb-image--align-none\"><figure class=\"wp-block-uagb-image__figure\"><img loading=\"lazy\" decoding=\"async\" srcset=\"https:\/\/www.rigafishing.com\/wp-content\/uploads\/2024\/09\/WhatsApp-Image-2024-09-26-at-13.09.25-576x1024.jpeg ,https:\/\/www.rigafishing.com\/wp-content\/uploads\/2024\/09\/WhatsApp-Image-2024-09-26-at-13.09.25.jpeg 780w, https:\/\/www.rigafishing.com\/wp-content\/uploads\/2024\/09\/WhatsApp-Image-2024-09-26-at-13.09.25.jpeg 360w\" sizes=\"auto, (max-width: 480px) 150px\" src=\"https:\/\/www.rigafishing.com\/wp-content\/uploads\/2024\/09\/WhatsApp-Image-2024-09-26-at-13.09.25-576x1024.jpeg\" alt=\"Das Magazin Copes Things auf dem Cover\" class=\"uag-image-12748\" width=\"576\" height=\"1024\" title=\"Titelbild des Magazins CopesLietas\" loading=\"lazy\" role=\"img\"><\/figure><\/div>\n<\/div>\n\n\n\n<div class=\"wp-block-uagb-container uagb-block-9f1c9868\">\n<div class=\"wp-block-uagb-info-box uagb-block-4ab04619 uagb-infobox__content-wrap  uagb-infobox-icon-above-title uagb-infobox-image-valign-top\"><div class=\"uagb-ifb-content\"><div class=\"uagb-ifb-icon-wrap\"><svg xmlns=\"https:\/\/www.w3.org\/2000\/svg\" viewbox=\"0 0 512 512\"><path d=\"M0 256C0 114.6 114.6 0 256 0C397.4 0 512 114.6 512 256C512 397.4 397.4 512 256 512C114.6 512 0 397.4 0 256zM371.8 211.8C382.7 200.9 382.7 183.1 371.8 172.2C360.9 161.3 343.1 161.3 332.2 172.2L224 280.4L179.8 236.2C168.9 225.3 151.1 225.3 140.2 236.2C129.3 247.1 129.3 264.9 140.2 275.8L204.2 339.8C215.1 350.7 232.9 350.7 243.8 339.8L371.8 211.8z\"><\/path><\/svg><\/div><div class=\"uagb-ifb-title-wrap\"><h3 class=\"uagb-ifb-title\">Wer sind wir?<\/h3><\/div><p class=\"uagb-ifb-desc\">Hallo! Rigafishing wurde von uns beiden gegr\u00fcndet \u2013 Toms Klabis und Gatis Ernstsons.  Wir sind die lettischen Meister 2024 im Spinnfischen vom Boot aus. Wir sind mit dem Angeln eng verbunden, denn wir betreiben es seit unserer Kindheit. Wir haben viel in flachen Seen wie Bab\u012bte, Ka\u0146ieris und Engures gespinnt und dabei die Feinheiten des Barsch- und Hechtfangs kennengelernt. Gatis hat sich au\u00dferdem mehrere Jahre intensiv mit dem Schleppangeln besch\u00e4ftigt, und seit dem Aufkommen der neuesten Technologien Active Target, Megalive und Panoptix Livescope sind wir auch darin Experten geworden.   <br\/><br\/>Wie oft, wo und wie angeln wir?<br\/>Wir angeln durchschnittlich 130 Tage im Jahr vom Boot aus auf Raubfische und fangen regelm\u00e4\u00dfig Hechte und Zander in kapitalen Gr\u00f6\u00dfen. Besonders gerne angeln wir im Sommer und Herbst auf Barsch, da diese Gew\u00e4sser dann meist sehr aktiv sind und es viele Fische gibt.<br\/>Wir angeln und f\u00fchren haupts\u00e4chlich Angeltouren in den Gew\u00e4ssern von Riga und Pieriga durch \u2013 D\u00fcna, Bu\u013c\u013cupe, Lielupe, \u0136\u012b\u0161ezers, Jugla-See und Baltezers. Wir fahren aber auch oft zum Spinnfischen an den Seen Al\u016bksne und Usma sowie zu anderen Gew\u00e4ssern, um Abwechslung zu haben.<br\/>Bei jedem Angelausflug suchen wir nach neuen Herausforderungen, experimentieren und versuchen, die Feinheiten zu verstehen, um die Fische zum Anbei\u00dfen zu bewegen. Das Wichtigste ist nicht der K\u00f6der selbst, sondern die Fische zu finden und die richtige Technik zu kennen, damit sie anbei\u00dfen. Wir sind au\u00dferdem der Meinung, dass die Installation und Kalibrierung der Bootsausr\u00fcstung von gro\u00dfer Bedeutung ist. Wir legen gro\u00dfen Wert auf die Einstellungen des Echolots und die Kalibrierung des Elektromotors, damit das Boot optimal am Anker liegt und sich perfekt am Angelplatz positionieren kann. Wir haben alle Marken \u2013 Garmin, Lowrance, Humminbird und Minn Kota \u2013 selbst getestet und beraten Sie gerne bei der Auswahl, Einrichtung und Kalibrierung der elektrischen Ger\u00e4te auf Ihrem Boot.    <br\/><br\/><strong>Mit einem Reisef\u00fchrer in Lettland und Riga zurechtkommen \u2013 warum braucht man einen Reisef\u00fchrer?<\/strong><br\/>Wir sind in den sozialen Medien aktiv und schon 2023 fragten viele Leute an, ob sie mit uns angeln gehen k\u00f6nnten, um zu lernen, wie man kapitale Hechte und Zander f\u00e4ngt oder wie man mit Live-Technologie angelt. Wir veranstalteten auch Wettbewerbe auf TikTok, und die Gewinner, die mit uns angeln gingen, fingen fast alle ihren pers\u00f6nlichen Rekordfisch \u2013 Barsch, Zander oder Hecht \u2013 und verbrachten eine tolle Zeit in der Natur.<br\/>Nach einer sehr erfolgreichen Sportsaison und Auszeichnungen 2024 fragten noch mehr Leute nach Angeltouren mit uns \u2013 so entstand dieses Projekt: Rigafishing. Jetzt hast du die M\u00f6glichkeit, dich anzumelden und mit uns ein Angelabenteuer zu erleben, Angelkurse zu besuchen, eine Bootstour zu machen oder dich bei der Einrichtung der Elektronik deines Angelboots beraten zu lassen. Egal, ob du deine eigene Ausr\u00fcstung hast oder mit unserer angelst \u2013 wir setzen alles daran, dass du viel Neues \u00fcber das Angeln lernst, deinen Traumfisch f\u00e4ngst und unvergessliche Momente erlebst.   <br\/><br\/>Erfolge im Angelsport<br\/>Seit 2024 nehmen wir gemeinsam an Spinnfischerwettbewerben vom Boot aus teil, aber auch zuvor gab es bereits bemerkenswerte Erfolge im Angelsport. <br\/>1. Platz in der Herbstetappe der Kurzeme-Meisterschaft 2025<br\/>2. Platz in der Sommerphase der Kurzeme-Meisterschaft 2025<br\/>2. Platz (Gesamtl\u00e4nge des Fisches) Riga Bass 2025<br\/>6. Platz Garmin Predator Cup 2025<br\/>3. Platz Darkness Cup 2025<br\/>1. Platz und Titel Lettische Bootsspinning-Meister 2024<br\/>1. Platz bei der lettischen Meisterschafts-Etappe am Usma-See 2024<br\/>1. Platz (gr\u00f6\u00dfter gefangener Barsch) beim Riga Bass Tournament 2024<br\/>1. Platz beim Darkness Cup 2024<br\/>1. Platz (1-1-1 in 3 Tagen) bei der lettischen Meisterschaftsektion am Al\u016bksne-See 2024<br\/>2. Platz bei den gr\u00f6\u00dften kommerziellen Wettk\u00e4mpfen, dem Garmin Predator Cup 2024<br\/>3. Platz Garmin Predator Cup 2023<br\/>1. Platz Tumsas Kaus 2023<br\/>3. Platz Riga Predator Cup 2022<br\/>2. Platz Garmin Predator Cup 2022<br\/>2. Platz in der Etappe und 4. Platz in der Gesamtwertung der Lettischen Meisterschaft im Spinning vom Ufer im urbanen Umfeld 2021<br\/>Weitere Erfolge und Medaillen bei verschiedenen Turnieren <br\/><br\/>M\u00f6chtest du mit uns angeln gehen?<br\/><a href=\"https:\/\/www.rigafishing.com\/make-a-reservation\/\"><strong><mark style=\"background-color:rgba(0, 0, 0, 0)\" class=\"has-inline-color has-vivid-cyan-blue-color\">VEREINBAREN SIE EIN DATE<\/mark><\/strong><br\/><\/a><br\/><\/p><\/div><\/div>\n<\/div>\n<\/div><\/div>\n\n<p><\/p>\n","protected":false},"excerpt":{"rendered":"","protected":false},"author":1,"featured_media":0,"parent":0,"menu_order":0,"comment_status":"closed","ping_status":"closed","template":"","meta":{"_uag_custom_page_level_css":"","_monsterinsights_skip_tracking":false,"_monsterinsights_sitenote_active":false,"_monsterinsights_sitenote_note":"","_monsterinsights_sitenote_category":0,"footnotes":""},"class_list":["post-13664","page","type-page","status-publish","hentry"],"aioseo_notices":[],"uagb_featured_image_src":{"full":false,"thumbnail":false,"medium":false,"medium_large":false,"large":false,"1536x1536":false,"2048x2048":false,"razzi-blog-grid":false},"uagb_author_info":{"display_name":"rigafishing_gx0lph","author_link":"https:\/\/www.rigafishing.com\/de\/author\/rigafishing_gx0lph\/"},"uagb_comment_info":0,"uagb_excerpt":null,"_links":{"self":[{"href":"https:\/\/www.rigafishing.com\/de\/wp-json\/wp\/v2\/pages\/13664","targetHints":{"allow":["GET"]}}],"collection":[{"href":"https:\/\/www.rigafishing.com\/de\/wp-json\/wp\/v2\/pages"}],"about":[{"href":"https:\/\/www.rigafishing.com\/de\/wp-json\/wp\/v2\/types\/page"}],"author":[{"embeddable":true,"href":"https:\/\/www.rigafishing.com\/de\/wp-json\/wp\/v2\/users\/1"}],"replies":[{"embeddable":true,"href":"https:\/\/www.rigafishing.com\/de\/wp-json\/wp\/v2\/comments?post=13664"}],"version-history":[{"count":1,"href":"https:\/\/www.rigafishing.com\/de\/wp-json\/wp\/v2\/pages\/13664\/revisions"}],"predecessor-version":[{"id":13665,"href":"https:\/\/www.rigafishing.com\/de\/wp-json\/wp\/v2\/pages\/13664\/revisions\/13665"}],"wp:attachment":[{"href":"https:\/\/www.rigafishing.com\/de\/wp-json\/wp\/v2\/media?parent=13664"}],"curies":[{"name":"wp","href":"https:\/\/api.w.org\/{rel}","templated":true}]}}